{"id":5580,"date":"2021-09-27T13:15:47","date_gmt":"2021-09-27T13:15:47","guid":{"rendered":"https:\/\/www.cerverajewels.com\/product\/tennis-bracelet-in-pink-gold-twisted-9\/"},"modified":"2022-12-12T12:48:44","modified_gmt":"2022-12-12T12:48:44","slug":"tennis-bracelet-in-pink-gold-twisted-9","status":"publish","type":"product","link":"https:\/\/www.cerverajewels.com\/de\/produkt\/tennis-bracelet-in-pink-gold-twisted-9\/","title":{"rendered":"P775 B\/CIT"},"content":{"rendered":"<p><div class=\"fusion-fullwidth fullwidth-box fusion-builder-row-1 fusion-flex-container hundred-percent-fullwidth non-hundred-percent-height-scrolling\" style=\"--awb-border-radius-top-left:0px;--awb-border-radius-top-right:0px;--awb-border-radius-bottom-right:0px;--awb-border-radius-bottom-left:0px;--awb-padding-top:0px;--awb-padding-bottom:0%;--awb-margin-top:0px;--awb-flex-wrap:wrap;\" ><div class=\"fusion-builder-row fusion-row fusion-flex-align-items-stretch fusion-flex-content-wrap\" style=\"width:104% !important;max-width:104% !important;margin-left: calc(-4% \/ 2 );margin-right: calc(-4% \/ 2 );\"><div class=\"fusion-layout-column fusion_builder_column fusion-builder-column-0 fusion_builder_column_1_2 1_2 fusion-flex-column fusion-flex-align-self-stretch\" style=\"--awb-padding-top:10%;--awb-padding-right:10%;--awb-padding-left:10%;--awb-padding-top-small:13%;--awb-padding-bottom-small:13%;--awb-bg-color:#181c1b;--awb-bg-color-hover:#181c1b;--awb-bg-size:cover;--awb-width-large:50%;--awb-margin-top-large:0px;--awb-spacing-right-large:0%;--awb-margin-bottom-large:0px;--awb-spacing-left-large:3.84%;--awb-width-medium:100%;--awb-order-medium:0;--awb-spacing-right-medium:1.92%;--awb-spacing-left-medium:1.92%;--awb-width-small:100%;--awb-order-small:0;--awb-spacing-right-small:1.92%;--awb-spacing-left-small:1.92%;\"><div class=\"fusion-column-wrapper fusion-column-has-shadow fusion-flex-justify-content-center fusion-content-layout-column\"><div class=\"fusion-title title fusion-title-1 fusion-sep-none fusion-title-text fusion-title-size-one\" style=\"--awb-margin-bottom:10%;\"><h1 class=\"fusion-title-heading title-heading-left fusion-responsive-typography-calculated\" style=\"margin:0;--fontSize:60;line-height:1;\">Goldarmband Rosa TWISTED<\/h1><\/div><div class=\"fusion-text fusion-text-1\" style=\"--awb-text-transform:none;--awb-text-color:#ffffff;\"><div class=\"subtitol aos-init aos-animate\" data-aos=\"fade-down\" data-aos-duration=\"1000\" data-aos-delay=\"500\">\n<div class=\"subtitol aos-init aos-animate\" data-aos=\"fade-down\" data-aos-duration=\"1000\" data-aos-delay=\"500\">\n<div class=\"subtitol aos-init aos-animate\" data-aos=\"fade-down\" data-aos-duration=\"1000\" data-aos-delay=\"500\">\n<div class=\"subtitol aos-init aos-animate\" data-aos=\"fade-down\" data-aos-duration=\"1000\" data-aos-delay=\"500\">\n<div class=\"subtitol aos-init aos-animate\" data-aos=\"fade-down\" data-aos-duration=\"1000\" data-aos-delay=\"500\">\n<div class=\"subtitol aos-init aos-animate\" data-aos=\"fade-down\" data-aos-duration=\"1000\" data-aos-delay=\"500\">\n<div class=\"subtitol aos-init aos-animate\" data-aos=\"fade-down\" data-aos-duration=\"1000\" data-aos-delay=\"500\">\n<div class=\"subtitol aos-init aos-animate\" data-aos=\"fade-down\" data-aos-duration=\"1000\" data-aos-delay=\"500\">\n<div class=\"subtitol aos-init aos-animate\" data-aos=\"fade-down\" data-aos-duration=\"1000\" data-aos-delay=\"500\">\n<div class=\"subtitol aos-init aos-animate\" data-aos=\"fade-down\" data-aos-duration=\"1000\" data-aos-delay=\"500\">\n<div class=\"subtitol aos-init aos-animate\" data-aos=\"fade-down\" data-aos-duration=\"1000\" data-aos-delay=\"500\">\n<div class=\"subtitol aos-init aos-animate\" data-aos=\"fade-down\" data-aos-duration=\"1000\" data-aos-delay=\"500\">\n<div class=\"subtitol aos-init aos-animate\" data-aos=\"fade-down\" data-aos-duration=\"1000\" data-aos-delay=\"500\">\n<div class=\"subtitol aos-init aos-animate\" data-aos=\"fade-down\" data-aos-duration=\"1000\" data-aos-delay=\"500\">\n<div class=\"subtitol aos-init aos-animate\" data-aos=\"fade-down\" data-aos-duration=\"1000\" data-aos-delay=\"500\">\n<div class=\"subtitol aos-init aos-animate\" data-aos=\"fade-down\" data-aos-duration=\"1000\" data-aos-delay=\"500\">\n<div class=\"subtitol aos-init aos-animate\" data-aos=\"fade-down\" data-aos-duration=\"1000\" data-aos-delay=\"500\">\n<div class=\"subtitol aos-init aos-animate\" data-aos=\"fade-down\" data-aos-duration=\"1000\" data-aos-delay=\"500\">\n<div class=\"subtitol aos-init aos-animate\" data-aos=\"fade-down\" data-aos-duration=\"1000\" data-aos-delay=\"500\">\n<div class=\"subtitol aos-init aos-animate\" data-aos=\"fade-down\" data-aos-duration=\"1000\" data-aos-delay=\"500\">\n<div class=\"subtitol aos-init aos-animate\" data-aos=\"fade-down\" data-aos-duration=\"1000\" data-aos-delay=\"500\">\n<div class=\"subtitol aos-init aos-animate\" data-aos=\"fade-down\" data-aos-duration=\"1000\" data-aos-delay=\"500\">\n<div class=\"subtitol aos-init aos-animate\" data-aos=\"fade-down\" data-aos-duration=\"1000\" data-aos-delay=\"500\">\n<div class=\"subtitol aos-init aos-animate\" data-aos=\"fade-down\" data-aos-duration=\"1000\" data-aos-delay=\"500\">\n<div class=\"subtitol aos-init aos-animate\" data-aos=\"fade-down\" data-aos-duration=\"1000\" data-aos-delay=\"500\">\n<div class=\"subtitol aos-init aos-animate\" data-aos=\"fade-down\" data-aos-duration=\"1000\" data-aos-delay=\"500\">\n<p><strong>STIL: IN LOVE<\/strong><\/p>\n<p>Tennisarmband aus 18-kar\u00e4tigem Ros\u00e9gold mit Citrinen, wei\u00dfem Diamant und Makramee in Marineblau.<\/p>\n<p>Referenz: P775B\/CIT<br \/>\nPreis: von 1,390\u20ac<\/p>\n<\/div>\n<\/div>\n<\/div>\n<\/div>\n<\/div>\n<\/div>\n<\/div>\n<\/div>\n<\/div>\n<\/div>\n<\/div>\n<\/div>\n<\/div>\n<\/div>\n<\/div>\n<\/div>\n<\/div>\n<\/div>\n<\/div>\n<\/div>\n<\/div>\n<\/div>\n<\/div>\n<\/div>\n<\/div>\n<\/div>\n<\/div><div ><a class=\"fusion-button button-flat fusion-button-default-size button-default fusion-button-default button-1 fusion-button-default-span fusion-button-default-type\" target=\"_self\" href=\"https:\/\/www.cerverajewels.com\/find-us\/\"><span class=\"fusion-button-text awb-button__text awb-button__text--default\">Siehe Verkaufsstellen<\/span><\/a><\/div><\/div><\/div><div class=\"fusion-layout-column fusion_builder_column fusion-builder-column-1 fusion_builder_column_1_2 1_2 fusion-flex-column fusion-flex-align-self-stretch\" style=\"--awb-padding-top:5%;--awb-padding-right:0px;--awb-padding-bottom:0px;--awb-bg-color:#ddd4c7;--awb-bg-color-hover:#ddd4c7;--awb-bg-size:cover;--awb-width-large:50%;--awb-margin-top-large:0px;--awb-spacing-right-large:0px;--awb-margin-bottom-large:0px;--awb-spacing-left-large:0%;--awb-width-medium:100%;--awb-order-medium:0;--awb-spacing-right-medium:1.92%;--awb-spacing-left-medium:1.92%;--awb-width-small:100%;--awb-order-small:0;--awb-spacing-right-small:1.92%;--awb-spacing-left-small:1.92%;\"><div class=\"fusion-column-wrapper fusion-column-has-shadow fusion-flex-justify-content-center fusion-content-layout-column\"><div class=\"fusion-image-element \" style=\"text-align:center;--awb-max-width:70%;--awb-caption-title-font-family:var(--h2_typography-font-family);--awb-caption-title-font-weight:var(--h2_typography-font-weight);--awb-caption-title-font-style:var(--h2_typography-font-style);--awb-caption-title-size:var(--h2_typography-font-size);--awb-caption-title-transform:var(--h2_typography-text-transform);--awb-caption-title-line-height:var(--h2_typography-line-height);--awb-caption-title-letter-spacing:var(--h2_typography-letter-spacing);\"><span class=\" fusion-imageframe imageframe-none imageframe-1 hover-type-zoomin\"><img decoding=\"async\" width=\"500\" height=\"500\" title=\"P775BW-CT-AM\" src=\"https:\/\/www.cerverajewels.com\/wp-content\/uploads\/2021\/09\/P775BW-CT-AM.png\" data-orig-src=\"https:\/\/www.cerverajewels.com\/wp-content\/uploads\/2021\/09\/P775BW-CT-AM.png\" alt class=\"lazyload img-responsive wp-image-3137\" srcset=\"data:image\/svg+xml,%3Csvg%20xmlns%3D%27http%3A%2F%2Fwww.w3.org%2F2000%2Fsvg%27%20width%3D%27500%27%20height%3D%27500%27%20viewBox%3D%270%200%20500%20500%27%3E%3Crect%20width%3D%27500%27%20height%3D%27500%27%20fill-opacity%3D%220%22%2F%3E%3C%2Fsvg%3E\" data-srcset=\"https:\/\/www.cerverajewels.com\/wp-content\/uploads\/2021\/09\/P775BW-CT-AM-200x200.png 200w, https:\/\/www.cerverajewels.com\/wp-content\/uploads\/2021\/09\/P775BW-CT-AM-400x400.png 400w, https:\/\/www.cerverajewels.com\/wp-content\/uploads\/2021\/09\/P775BW-CT-AM.png 500w\" data-sizes=\"auto\" data-orig-sizes=\"(max-width: 1024px) 100vw, (max-width: 640px) 100vw, 500px\" \/><\/span><\/div><div class=\"fusion-title title fusion-title-2 fusion-sep-none fusion-title-text fusion-title-size-two\" style=\"--awb-text-color:#ede9e4;--awb-margin-bottom:9px;--awb-margin-left:15%;--awb-font-size:80px;\"><h2 class=\"fusion-title-heading title-heading-left fusion-responsive-typography-calculated\" style=\"font-family:&quot;Noto Serif&quot;;font-style:normal;font-weight:400;margin:0;font-size:1em;--fontSize:80;line-height:0.56;\">TWISTED COLOUR<\/h2><\/div><\/div><\/div><\/div><\/div><div class=\"fusion-fullwidth fullwidth-box fusion-builder-row-2 fusion-flex-container nonhundred-percent-fullwidth non-hundred-percent-height-scrolling\" style=\"--awb-border-radius-top-left:0px;--awb-border-radius-top-right:0px;--awb-border-radius-bottom-right:0px;--awb-border-radius-bottom-left:0px;--awb-background-color:#ede9e4;--awb-flex-wrap:wrap;\" ><div class=\"fusion-builder-row fusion-row fusion-flex-align-items-flex-start fusion-flex-content-wrap\" style=\"max-width:83.2%;margin-left: calc(-4% \/ 2 );margin-right: calc(-4% \/ 2 );\"><div class=\"fusion-layout-column fusion_builder_column fusion-builder-column-2 fusion_builder_column_1_1 1_1 fusion-flex-column\" style=\"--awb-bg-size:cover;--awb-width-large:100%;--awb-margin-top-large:20px;--awb-spacing-right-large:1.92%;--awb-margin-bottom-large:20px;--awb-spacing-left-large:1.92%;--awb-width-medium:100%;--awb-order-medium:0;--awb-spacing-right-medium:1.92%;--awb-spacing-left-medium:1.92%;--awb-width-small:100%;--awb-order-small:0;--awb-spacing-right-small:1.92%;--awb-spacing-left-small:1.92%;\"><div class=\"fusion-column-wrapper fusion-column-has-shadow fusion-flex-justify-content-center fusion-content-layout-column\"><div class=\"fusion-title title fusion-title-3 fusion-sep-none fusion-title-text fusion-title-size-three\" style=\"--awb-font-size:20px;\"><h3 class=\"fusion-title-heading title-heading-left fusion-responsive-typography-calculated\" style=\"font-family:&quot;Open Sans&quot;;font-style:normal;font-weight:400;margin:0;font-size:1em;--fontSize:20;--minFontSize:20;line-height:1;\">ANDERE SCHMUCKST\u00dcCKE DER KOLLEKTION<\/h3><\/div><div class=\"fusion-recent-posts fusion-recent-posts-1 avada-container layout-default layout-columns-4 fusion-recent-posts-center\"><section class=\"fusion-columns columns fusion-columns-4 columns-4\"><article class=\"post fusion-column column col col-lg-3 col-md-3 col-sm-3\"><div class=\"fusion-flexslider fusion-flexslider-loading flexslider flexslider-hover-type-none\"><ul class=\"slides\"><li><a href=\"https:\/\/www.cerverajewels.com\/de\/produkt\/tennis-bracelet-in-pink-gold-twisted-7\/\" aria-label=\"P775 BRW\/PR\" class=\"hover-type-none\"><img decoding=\"async\" width=\"500\" height=\"500\" src=\"https:\/\/www.cerverajewels.com\/wp-content\/uploads\/2021\/09\/P775BW-PR-V-1.png\" class=\"attachment-full size-full lazyload\" alt=\"\" srcset=\"data:image\/svg+xml,%3Csvg%20xmlns%3D%27http%3A%2F%2Fwww.w3.org%2F2000%2Fsvg%27%20width%3D%27500%27%20height%3D%27500%27%20viewBox%3D%270%200%20500%20500%27%3E%3Crect%20width%3D%27500%27%20height%3D%27500%27%20fill-opacity%3D%220%22%2F%3E%3C%2Fsvg%3E\" data-orig-src=\"https:\/\/www.cerverajewels.com\/wp-content\/uploads\/2021\/09\/P775BW-PR-V-1.png\" data-srcset=\"https:\/\/www.cerverajewels.com\/wp-content\/uploads\/2021\/09\/P775BW-PR-V-1-200x200.png 200w, https:\/\/www.cerverajewels.com\/wp-content\/uploads\/2021\/09\/P775BW-PR-V-1-400x400.png 400w, https:\/\/www.cerverajewels.com\/wp-content\/uploads\/2021\/09\/P775BW-PR-V-1.png 500w\" data-sizes=\"auto\" \/><\/a><\/li><\/ul><\/div><div class=\"recent-posts-content\"><span class=\"entry-title\" style=\"display: none;\">P775 BRW\/PR<\/span><span class=\"vcard\" style=\"display: none;\"><span class=\"fn\"><a href=\"https:\/\/www.cerverajewels.com\/de\/author\/admin\/\" title=\"Beitr\u00e4ge von admin\" rel=\"author\">admin<\/a><\/span><\/span><span class=\"updated\" style=\"display:none;\">2022-12-12T12:39:37+00:00<\/span><\/div><\/article><article class=\"post fusion-column column col col-lg-3 col-md-3 col-sm-3\"><div class=\"fusion-flexslider fusion-flexslider-loading flexslider flexslider-hover-type-none\"><ul class=\"slides\"><li><a href=\"https:\/\/www.cerverajewels.com\/de\/produkt\/tennis-bracelet-in-pink-gold-twisted\/\" aria-label=\"P775 BRW\/PD\" class=\"hover-type-none\"><img decoding=\"async\" width=\"500\" height=\"500\" src=\"https:\/\/www.cerverajewels.com\/wp-content\/uploads\/2021\/09\/P775BW-PR-R-1.png\" class=\"attachment-full size-full lazyload\" alt=\"\" srcset=\"data:image\/svg+xml,%3Csvg%20xmlns%3D%27http%3A%2F%2Fwww.w3.org%2F2000%2Fsvg%27%20width%3D%27500%27%20height%3D%27500%27%20viewBox%3D%270%200%20500%20500%27%3E%3Crect%20width%3D%27500%27%20height%3D%27500%27%20fill-opacity%3D%220%22%2F%3E%3C%2Fsvg%3E\" data-orig-src=\"https:\/\/www.cerverajewels.com\/wp-content\/uploads\/2021\/09\/P775BW-PR-R-1.png\" data-srcset=\"https:\/\/www.cerverajewels.com\/wp-content\/uploads\/2021\/09\/P775BW-PR-R-1-200x200.png 200w, https:\/\/www.cerverajewels.com\/wp-content\/uploads\/2021\/09\/P775BW-PR-R-1-400x400.png 400w, https:\/\/www.cerverajewels.com\/wp-content\/uploads\/2021\/09\/P775BW-PR-R-1.png 500w\" data-sizes=\"auto\" \/><\/a><\/li><\/ul><\/div><div class=\"recent-posts-content\"><span class=\"entry-title\" style=\"display: none;\">P775 BRW\/PD<\/span><span class=\"vcard\" style=\"display: none;\"><span class=\"fn\"><a href=\"https:\/\/www.cerverajewels.com\/de\/author\/admin\/\" title=\"Beitr\u00e4ge von admin\" rel=\"author\">admin<\/a><\/span><\/span><span class=\"updated\" style=\"display:none;\">2022-12-12T12:40:42+00:00<\/span><\/div><\/article><article class=\"post fusion-column column col col-lg-3 col-md-3 col-sm-3\"><div class=\"fusion-flexslider fusion-flexslider-loading flexslider flexslider-hover-type-none\"><ul class=\"slides\"><li><a href=\"https:\/\/www.cerverajewels.com\/de\/produkt\/tennis-bracelet-in-pink-gold-twisted-2\/\" aria-label=\"P775 BRW\/GR\" class=\"hover-type-none\"><img decoding=\"async\" width=\"500\" height=\"500\" src=\"https:\/\/www.cerverajewels.com\/wp-content\/uploads\/2021\/09\/P775BW-GR-GR-1.png\" class=\"attachment-full size-full lazyload\" alt=\"\" srcset=\"data:image\/svg+xml,%3Csvg%20xmlns%3D%27http%3A%2F%2Fwww.w3.org%2F2000%2Fsvg%27%20width%3D%27500%27%20height%3D%27500%27%20viewBox%3D%270%200%20500%20500%27%3E%3Crect%20width%3D%27500%27%20height%3D%27500%27%20fill-opacity%3D%220%22%2F%3E%3C%2Fsvg%3E\" data-orig-src=\"https:\/\/www.cerverajewels.com\/wp-content\/uploads\/2021\/09\/P775BW-GR-GR-1.png\" data-srcset=\"https:\/\/www.cerverajewels.com\/wp-content\/uploads\/2021\/09\/P775BW-GR-GR-1-200x200.png 200w, https:\/\/www.cerverajewels.com\/wp-content\/uploads\/2021\/09\/P775BW-GR-GR-1-400x400.png 400w, https:\/\/www.cerverajewels.com\/wp-content\/uploads\/2021\/09\/P775BW-GR-GR-1.png 500w\" data-sizes=\"auto\" \/><\/a><\/li><\/ul><\/div><div class=\"recent-posts-content\"><span class=\"entry-title\" style=\"display: none;\">P775 BRW\/GR<\/span><span class=\"vcard\" style=\"display: none;\"><span class=\"fn\"><a href=\"https:\/\/www.cerverajewels.com\/de\/author\/admin\/\" title=\"Beitr\u00e4ge von admin\" rel=\"author\">admin<\/a><\/span><\/span><span class=\"updated\" style=\"display:none;\">2022-12-12T12:41:35+00:00<\/span><\/div><\/article><article class=\"post fusion-column column col col-lg-3 col-md-3 col-sm-3\"><div class=\"fusion-flexslider fusion-flexslider-loading flexslider flexslider-hover-type-none\"><ul class=\"slides\"><li><a href=\"https:\/\/www.cerverajewels.com\/de\/produkt\/tennis-bracelet-in-pink-gold-twisted-3\/\" aria-label=\"P775 BRW\/CT\" class=\"hover-type-none\"><img decoding=\"async\" width=\"500\" height=\"500\" src=\"https:\/\/www.cerverajewels.com\/wp-content\/uploads\/2021\/09\/P775BW-CT-CQ-1.png\" class=\"attachment-full size-full lazyload\" alt=\"\" srcset=\"data:image\/svg+xml,%3Csvg%20xmlns%3D%27http%3A%2F%2Fwww.w3.org%2F2000%2Fsvg%27%20width%3D%27500%27%20height%3D%27500%27%20viewBox%3D%270%200%20500%20500%27%3E%3Crect%20width%3D%27500%27%20height%3D%27500%27%20fill-opacity%3D%220%22%2F%3E%3C%2Fsvg%3E\" data-orig-src=\"https:\/\/www.cerverajewels.com\/wp-content\/uploads\/2021\/09\/P775BW-CT-CQ-1.png\" data-srcset=\"https:\/\/www.cerverajewels.com\/wp-content\/uploads\/2021\/09\/P775BW-CT-CQ-1-200x200.png 200w, https:\/\/www.cerverajewels.com\/wp-content\/uploads\/2021\/09\/P775BW-CT-CQ-1-400x400.png 400w, https:\/\/www.cerverajewels.com\/wp-content\/uploads\/2021\/09\/P775BW-CT-CQ-1.png 500w\" data-sizes=\"auto\" \/><\/a><\/li><\/ul><\/div><div class=\"recent-posts-content\"><span class=\"entry-title\" style=\"display: none;\">P775 BRW\/CT<\/span><span class=\"vcard\" style=\"display: none;\"><span class=\"fn\"><a href=\"https:\/\/www.cerverajewels.com\/de\/author\/admin\/\" title=\"Beitr\u00e4ge von admin\" rel=\"author\">admin<\/a><\/span><\/span><span class=\"updated\" style=\"display:none;\">2022-12-12T12:42:52+00:00<\/span><\/div><\/article><\/section><\/div><\/div><\/div><\/div><\/div><div class=\"fusion-fullwidth fullwidth-box fusion-builder-row-3 fusion-flex-container nonhundred-percent-fullwidth non-hundred-percent-height-scrolling\" style=\"--awb-border-radius-top-left:0px;--awb-border-radius-top-right:0px;--awb-border-radius-bottom-right:0px;--awb-border-radius-bottom-left:0px;--awb-background-color:#ede9e4;--awb-flex-wrap:wrap;\" ><div class=\"fusion-builder-row fusion-row fusion-flex-align-items-flex-start fusion-flex-content-wrap\" style=\"max-width:83.2%;margin-left: calc(-4% \/ 2 );margin-right: calc(-4% \/ 2 );\"><div class=\"fusion-layout-column fusion_builder_column fusion-builder-column-3 fusion_builder_column_1_1 1_1 fusion-flex-column\" style=\"--awb-bg-size:cover;--awb-width-large:100%;--awb-margin-top-large:20px;--awb-spacing-right-large:1.92%;--awb-margin-bottom-large:20px;--awb-spacing-left-large:1.92%;--awb-width-medium:100%;--awb-order-medium:0;--awb-spacing-right-medium:1.92%;--awb-spacing-left-medium:1.92%;--awb-width-small:100%;--awb-order-small:0;--awb-spacing-right-small:1.92%;--awb-spacing-left-small:1.92%;\"><div class=\"fusion-column-wrapper fusion-column-has-shadow fusion-flex-justify-content-center fusion-content-layout-column\"><div class=\"fusion-title title fusion-title-4 fusion-sep-none fusion-title-text fusion-title-size-three\" style=\"--awb-font-size:20px;\"><h3 class=\"fusion-title-heading title-heading-left fusion-responsive-typography-calculated\" style=\"font-family:&quot;Open Sans&quot;;font-style:normal;font-weight:400;margin:0;font-size:1em;--fontSize:20;--minFontSize:20;line-height:1;\">WIR EMPFEHLEN IHNEN&#8230;<\/h3><\/div><div class=\"fusion-recent-posts fusion-recent-posts-2 avada-container layout-default layout-columns-4 fusion-recent-posts-center\"><section class=\"fusion-columns columns fusion-columns-4 columns-4\"><article class=\"post fusion-column column col col-lg-3 col-md-3 col-sm-3\"><div class=\"fusion-flexslider fusion-flexslider-loading flexslider flexslider-hover-type-none\"><ul class=\"slides\"><li><a href=\"https:\/\/www.cerverajewels.com\/de\/produkt\/halskette-aus-rotgold-mit-perlen-und-rosa-saphiren\/\" aria-label=\"C1292 BC\/ZR7\/OR\" class=\"hover-type-none\"><img decoding=\"async\" width=\"500\" height=\"500\" src=\"https:\/\/www.cerverajewels.com\/wp-content\/uploads\/2023\/03\/C1292B.ZR7_.OR_.jpg\" class=\"attachment-full size-full lazyload\" alt=\"\" srcset=\"data:image\/svg+xml,%3Csvg%20xmlns%3D%27http%3A%2F%2Fwww.w3.org%2F2000%2Fsvg%27%20width%3D%27500%27%20height%3D%27500%27%20viewBox%3D%270%200%20500%20500%27%3E%3Crect%20width%3D%27500%27%20height%3D%27500%27%20fill-opacity%3D%220%22%2F%3E%3C%2Fsvg%3E\" data-orig-src=\"https:\/\/www.cerverajewels.com\/wp-content\/uploads\/2023\/03\/C1292B.ZR7_.OR_.jpg\" data-srcset=\"https:\/\/www.cerverajewels.com\/wp-content\/uploads\/2023\/03\/C1292B.ZR7_.OR_-200x200.jpg 200w, https:\/\/www.cerverajewels.com\/wp-content\/uploads\/2023\/03\/C1292B.ZR7_.OR_-400x400.jpg 400w, https:\/\/www.cerverajewels.com\/wp-content\/uploads\/2023\/03\/C1292B.ZR7_.OR_.jpg 500w\" data-sizes=\"auto\" \/><\/a><\/li><\/ul><\/div><div class=\"recent-posts-content\"><span class=\"entry-title\" style=\"display: none;\">C1292 BC\/ZR7\/OR<\/span><span class=\"vcard\" style=\"display: none;\"><span class=\"fn\"><a href=\"https:\/\/www.cerverajewels.com\/de\/author\/admin\/\" title=\"Beitr\u00e4ge von admin\" rel=\"author\">admin<\/a><\/span><\/span><span class=\"updated\" style=\"display:none;\">2023-03-10T08:34:09+00:00<\/span><\/div><\/article><article class=\"post fusion-column column col col-lg-3 col-md-3 col-sm-3\"><div class=\"fusion-flexslider fusion-flexslider-loading flexslider flexslider-hover-type-none\"><ul class=\"slides\"><li><a href=\"https:\/\/www.cerverajewels.com\/de\/produkt\/halskette-aus-rotgold-mit-rubin-und-perlen\/\" aria-label=\"C1292 BC\/RB3\/OR\" class=\"hover-type-none\"><img decoding=\"async\" width=\"500\" height=\"500\" src=\"https:\/\/www.cerverajewels.com\/wp-content\/uploads\/2023\/03\/C1292B.RB3_.OR_.jpg\" class=\"attachment-full size-full lazyload\" alt=\"\" srcset=\"data:image\/svg+xml,%3Csvg%20xmlns%3D%27http%3A%2F%2Fwww.w3.org%2F2000%2Fsvg%27%20width%3D%27500%27%20height%3D%27500%27%20viewBox%3D%270%200%20500%20500%27%3E%3Crect%20width%3D%27500%27%20height%3D%27500%27%20fill-opacity%3D%220%22%2F%3E%3C%2Fsvg%3E\" data-orig-src=\"https:\/\/www.cerverajewels.com\/wp-content\/uploads\/2023\/03\/C1292B.RB3_.OR_.jpg\" data-srcset=\"https:\/\/www.cerverajewels.com\/wp-content\/uploads\/2023\/03\/C1292B.RB3_.OR_-200x200.jpg 200w, https:\/\/www.cerverajewels.com\/wp-content\/uploads\/2023\/03\/C1292B.RB3_.OR_-400x400.jpg 400w, https:\/\/www.cerverajewels.com\/wp-content\/uploads\/2023\/03\/C1292B.RB3_.OR_.jpg 500w\" data-sizes=\"auto\" \/><\/a><\/li><\/ul><\/div><div class=\"recent-posts-content\"><span class=\"entry-title\" style=\"display: none;\">C1292 BC\/RB3\/OR<\/span><span class=\"vcard\" style=\"display: none;\"><span class=\"fn\"><a href=\"https:\/\/www.cerverajewels.com\/de\/author\/admin\/\" title=\"Beitr\u00e4ge von admin\" rel=\"author\">admin<\/a><\/span><\/span><span class=\"updated\" style=\"display:none;\">2023-03-10T08:31:58+00:00<\/span><\/div><\/article><article class=\"post fusion-column column col col-lg-3 col-md-3 col-sm-3\"><div class=\"fusion-flexslider fusion-flexslider-loading flexslider flexslider-hover-type-none\"><ul class=\"slides\"><li><a href=\"https:\/\/www.cerverajewels.com\/de\/produkt\/halskette-aus-rotgold-mit-perlen-und-tahiti-perlen\/\" aria-label=\"C1292 BC\/TH\/OR\" class=\"hover-type-none\"><img decoding=\"async\" width=\"500\" height=\"500\" src=\"https:\/\/www.cerverajewels.com\/wp-content\/uploads\/2023\/03\/Febrer-1467.jpg\" class=\"attachment-full size-full lazyload\" alt=\"\" srcset=\"data:image\/svg+xml,%3Csvg%20xmlns%3D%27http%3A%2F%2Fwww.w3.org%2F2000%2Fsvg%27%20width%3D%27500%27%20height%3D%27500%27%20viewBox%3D%270%200%20500%20500%27%3E%3Crect%20width%3D%27500%27%20height%3D%27500%27%20fill-opacity%3D%220%22%2F%3E%3C%2Fsvg%3E\" data-orig-src=\"https:\/\/www.cerverajewels.com\/wp-content\/uploads\/2023\/03\/Febrer-1467.jpg\" data-srcset=\"https:\/\/www.cerverajewels.com\/wp-content\/uploads\/2023\/03\/Febrer-1467-200x200.jpg 200w, https:\/\/www.cerverajewels.com\/wp-content\/uploads\/2023\/03\/Febrer-1467-400x400.jpg 400w, https:\/\/www.cerverajewels.com\/wp-content\/uploads\/2023\/03\/Febrer-1467.jpg 500w\" data-sizes=\"auto\" \/><\/a><\/li><\/ul><\/div><div class=\"recent-posts-content\"><span class=\"entry-title\" style=\"display: none;\">C1292 BC\/TH\/OR<\/span><span class=\"vcard\" style=\"display: none;\"><span class=\"fn\"><a href=\"https:\/\/www.cerverajewels.com\/de\/author\/admin\/\" title=\"Beitr\u00e4ge von admin\" rel=\"author\">admin<\/a><\/span><\/span><span class=\"updated\" style=\"display:none;\">2023-03-10T08:28:31+00:00<\/span><\/div><\/article><article class=\"post fusion-column column col col-lg-3 col-md-3 col-sm-3\"><div class=\"fusion-flexslider fusion-flexslider-loading flexslider flexslider-hover-type-none\"><ul class=\"slides\"><li><a href=\"https:\/\/www.cerverajewels.com\/de\/produkt\/halskette-aus-rosegold-mit-perlen-und-goldener-perle\/\" aria-label=\"C1292 BC\/GD\/OR\" class=\"hover-type-none\"><img decoding=\"async\" width=\"500\" height=\"500\" src=\"https:\/\/www.cerverajewels.com\/wp-content\/uploads\/2023\/03\/C1292B.GD_.OR_.jpg\" class=\"attachment-full size-full lazyload\" alt=\"\" srcset=\"data:image\/svg+xml,%3Csvg%20xmlns%3D%27http%3A%2F%2Fwww.w3.org%2F2000%2Fsvg%27%20width%3D%27500%27%20height%3D%27500%27%20viewBox%3D%270%200%20500%20500%27%3E%3Crect%20width%3D%27500%27%20height%3D%27500%27%20fill-opacity%3D%220%22%2F%3E%3C%2Fsvg%3E\" data-orig-src=\"https:\/\/www.cerverajewels.com\/wp-content\/uploads\/2023\/03\/C1292B.GD_.OR_.jpg\" data-srcset=\"https:\/\/www.cerverajewels.com\/wp-content\/uploads\/2023\/03\/C1292B.GD_.OR_-200x200.jpg 200w, https:\/\/www.cerverajewels.com\/wp-content\/uploads\/2023\/03\/C1292B.GD_.OR_-400x400.jpg 400w, https:\/\/www.cerverajewels.com\/wp-content\/uploads\/2023\/03\/C1292B.GD_.OR_.jpg 500w\" data-sizes=\"auto\" \/><\/a><\/li><\/ul><\/div><div class=\"recent-posts-content\"><span class=\"entry-title\" style=\"display: none;\">C1292 BC\/GD\/OR<\/span><span class=\"vcard\" style=\"display: none;\"><span class=\"fn\"><a href=\"https:\/\/www.cerverajewels.com\/de\/author\/admin\/\" title=\"Beitr\u00e4ge von admin\" rel=\"author\">admin<\/a><\/span><\/span><span class=\"updated\" style=\"display:none;\">2023-03-10T08:18:57+00:00<\/span><\/div><\/article><\/section><\/div><\/div><\/div><\/div><\/div><\/p>\n","protected":false},"featured_media":3569,"template":"","meta":{"_acf_changed":false,"content-type":""},"categories":[166,177],"class_list":["post-5580","product","type-product","status-publish","has-post-thumbnail","hentry","category-armbaender","category-coleccion-twisted-colour-de"],"acf":[],"_links":{"self":[{"href":"https:\/\/www.cerverajewels.com\/de\/wp-json\/wp\/v2\/product\/5580","targetHints":{"allow":["GET"]}}],"collection":[{"href":"https:\/\/www.cerverajewels.com\/de\/wp-json\/wp\/v2\/product"}],"about":[{"href":"https:\/\/www.cerverajewels.com\/de\/wp-json\/wp\/v2\/types\/product"}],"wp:featuredmedia":[{"embeddable":true,"href":"https:\/\/www.cerverajewels.com\/de\/wp-json\/wp\/v2\/media\/3569"}],"wp:attachment":[{"href":"https:\/\/www.cerverajewels.com\/de\/wp-json\/wp\/v2\/media?parent=5580"}],"wp:term":[{"taxonomy":"category","embeddable":true,"href":"https:\/\/www.cerverajewels.com\/de\/wp-json\/wp\/v2\/categories?post=5580"}],"curies":[{"name":"wp","href":"https:\/\/api.w.org\/{rel}","templated":true}]}}